{"id":451,"date":"2022-02-14T21:18:27","date_gmt":"2022-02-14T21:18:27","guid":{"rendered":"https:\/\/lacacerola.co\/?page_id=451"},"modified":"2022-03-20T00:22:53","modified_gmt":"2022-03-20T00:22:53","slug":"jugos-naturales-natural-juices","status":"publish","type":"page","link":"https:\/\/lacacerola.co\/index.php\/jugos-naturales-natural-juices\/","title":{"rendered":"Jugos Naturales &#8211; Natural Juices"},"content":{"rendered":"\t\t<div data-elementor-type=\"wp-page\" data-elementor-id=\"451\" class=\"elementor elementor-451\" data-elementor-post-type=\"page\">\n\t\t\t\t\t\t<section class=\"elementor-section elementor-top-section elementor-element elementor-element-6580c5f4 elementor-section-boxed elementor-section-height-default elementor-section-height-default\" data-id=\"6580c5f4\" data-element_type=\"section\">\n\t\t\t\t\t\t<div class=\"elementor-container elementor-column-gap-default\">\n\t\t\t\t\t<div class=\"elementor-column elementor-col-100 elementor-top-column elementor-element elementor-element-1f8ff6ae\" data-id=\"1f8ff6ae\" data-element_type=\"column\">\n\t\t\t<div class=\"elementor-widget-wrap elementor-element-populated\">\n\t\t\t\t\t\t<div class=\"elementor-element elementor-element-f831320 elementor-widget elementor-widget-heading\" data-id=\"f831320\" data-element_type=\"widget\" data-widget_type=\"heading.default\">\n\t\t\t\t<div class=\"elementor-widget-container\">\n\t\t\t\t\t<h2 class=\"elementor-heading-title elementor-size-default\">Jugos Naturales - Natural Juices <\/h2>\t\t\t\t<\/div>\n\t\t\t\t<\/div>\n\t\t\t\t\t<\/div>\n\t\t<\/div>\n\t\t\t\t\t<\/div>\n\t\t<\/section>\n\t\t\t\t<section class=\"elementor-section elementor-top-section elementor-element elementor-element-793d6887 elementor-section-boxed elementor-section-height-default elementor-section-height-default\" data-id=\"793d6887\" data-element_type=\"section\">\n\t\t\t\t\t\t<div class=\"elementor-container elementor-column-gap-default\">\n\t\t\t\t\t<div class=\"elementor-column elementor-col-100 elementor-top-column elementor-element elementor-element-6888859\" data-id=\"6888859\" data-element_type=\"column\">\n\t\t\t<div class=\"elementor-widget-wrap elementor-element-populated\">\n\t\t\t\t\t\t<div class=\"elementor-element elementor-element-4f35c76c elementor-widget elementor-widget-price-list\" data-id=\"4f35c76c\" data-element_type=\"widget\" data-widget_type=\"price-list.default\">\n\t\t\t\t<div class=\"elementor-widget-container\">\n\t\t\t\t\t\n\t\t<ul class=\"elementor-price-list\">\n\n\t\t\t\t\t\t\t\t\t<li class=\"elementor-price-list-item\">\t\t\t\t\n\t\t\t\t<div class=\"elementor-price-list-text\">\n\t\t\t\t\t\t\t\t\t<div class=\"elementor-price-list-header\">\n\t\t\t\t\t\t\t\t\t\t\t<span class=\"elementor-price-list-title\">\n\t\t\t\t\t\t\tAgua o Leche (Water or Milk)\t\t\t\t\t\t<\/span>\n\t\t\t\t\t\t\t\t\t\t\t\t\t\t\t\t\t\t<span class=\"elementor-price-list-separator\"><\/span>\n\t\t\t\t\t\t\t\t\t\t\t\t\t\t\t\t\t\t\t<span class=\"elementor-price-list-price\">$6.00<\/span>\n\t\t\t\t\t\t\t\t\t\t<\/div>\n\t\t\t\t\t\t\t\t\t\t\t\t\t\t\t<p class=\"elementor-price-list-description\">\n\t\t\t\t\t\t\tGuanabana, Maracuya, Mora, Mamey, Mango, Curuba, Pi\u00f1a, Lulo, Fresa, Limonada, Crema de lim\u00f3n, Guayaba, Tomate de \u00e1rbol, Papaya, Tamarindo. \n\nSoursop, Passion fruit, Blackberry, Mamey,  Mango, Curuba, Pineapple, Lulo, Strawberry, Lemonade, Lemon Cream, Guava, Tree tomato, Papaya, Tamarind.\t\t\t\t\t\t<\/p>\n\t\t\t\t\t\t\t\t<\/div>\n\t\t\t\t<\/li>\t\t\t\t\t\n\t\t<\/ul>\n\n\t\t\t\t\t\t<\/div>\n\t\t\t\t<\/div>\n\t\t\t\t\t<\/div>\n\t\t<\/div>\n\t\t\t\t\t<\/div>\n\t\t<\/section>\n\t\t\t\t<section class=\"elementor-section elementor-top-section elementor-element elementor-element-5fde73f5 elementor-section-boxed elementor-section-height-default elementor-section-height-default\" data-id=\"5fde73f5\" data-element_type=\"section\">\n\t\t\t\t\t\t<div class=\"elementor-container elementor-column-gap-default\">\n\t\t\t\t\t<div class=\"elementor-column elementor-col-100 elementor-top-column elementor-element elementor-element-c3451d\" data-id=\"c3451d\" data-element_type=\"column\">\n\t\t\t<div class=\"elementor-widget-wrap elementor-element-populated\">\n\t\t\t\t\t\t<div class=\"elementor-element elementor-element-b6f7b0f elementor-widget elementor-widget-spacer\" data-id=\"b6f7b0f\" data-element_type=\"widget\" data-widget_type=\"spacer.default\">\n\t\t\t\t<div class=\"elementor-widget-container\">\n\t\t\t\t\t\t\t<div class=\"elementor-spacer\">\n\t\t\t<div class=\"elementor-spacer-inner\"><\/div>\n\t\t<\/div>\n\t\t\t\t\t\t<\/div>\n\t\t\t\t<\/div>\n\t\t\t\t\t<\/div>\n\t\t<\/div>\n\t\t\t\t\t<\/div>\n\t\t<\/section>\n\t\t\t\t<section class=\"elementor-section elementor-top-section elementor-element elementor-element-16aaaa83 elementor-section-boxed elementor-section-height-default elementor-section-height-default\" data-id=\"16aaaa83\" data-element_type=\"section\">\n\t\t\t\t\t\t<div class=\"elementor-container elementor-column-gap-default\">\n\t\t\t\t\t<div class=\"elementor-column elementor-col-100 elementor-top-column elementor-element elementor-element-165db92d\" data-id=\"165db92d\" data-element_type=\"column\">\n\t\t\t<div class=\"elementor-widget-wrap elementor-element-populated\">\n\t\t\t\t\t\t<div class=\"elementor-element elementor-element-1d127ba5 elementor-widget elementor-widget-text-editor\" data-id=\"1d127ba5\" data-element_type=\"widget\" data-widget_type=\"text-editor.default\">\n\t\t\t\t<div class=\"elementor-widget-container\">\n\t\t\t\t\t\t\t\t\t<ul><li><strong>Cobro adicional por cada sustituci\u00f3n de $1 Dolar (Substitutions may result in addicional charges $1 each )<\/strong><\/li><li><strong>Se agregar\u00e1 el 18% de propina en grupos de 6 personas o m\u00e1s (18% Gratuity will be added to parties of 6 or more)<\/strong><\/li><\/ul>\t\t\t\t\t\t\t\t<\/div>\n\t\t\t\t<\/div>\n\t\t\t\t\t<\/div>\n\t\t<\/div>\n\t\t\t\t\t<\/div>\n\t\t<\/section>\n\t\t\t\t<\/div>\n\t\t","protected":false},"excerpt":{"rendered":"<p>Jugos Naturales &#8211; Natural Juices Agua o Leche (Water or Milk) $6.00 Guanabana, Maracuya, Mora, Mamey, Mango, Curuba, Pi\u00f1a, Lulo, Fresa, Limonada, Crema de lim\u00f3n, Guayaba, Tomate de \u00e1rbol, Papaya, Tamarindo. Soursop, Passion fruit, Blackberry, Mamey, Mango, Curuba, Pineapple, Lulo, Strawberry, Lemonade, Lemon Cream, Guava, Tree tomato, Papaya, Tamarind. Cobro &hellip;<\/p>\n","protected":false},"author":1,"featured_media":731,"parent":0,"menu_order":0,"comment_status":"closed","ping_status":"closed","template":"","meta":{"footnotes":""},"class_list":["post-451","page","type-page","status-publish","has-post-thumbnail","hentry"],"_links":{"self":[{"href":"https:\/\/lacacerola.co\/index.php\/wp-json\/wp\/v2\/pages\/451","targetHints":{"allow":["GET"]}}],"collection":[{"href":"https:\/\/lacacerola.co\/index.php\/wp-json\/wp\/v2\/pages"}],"about":[{"href":"https:\/\/lacacerola.co\/index.php\/wp-json\/wp\/v2\/types\/page"}],"author":[{"embeddable":true,"href":"https:\/\/lacacerola.co\/index.php\/wp-json\/wp\/v2\/users\/1"}],"replies":[{"embeddable":true,"href":"https:\/\/lacacerola.co\/index.php\/wp-json\/wp\/v2\/comments?post=451"}],"version-history":[{"count":11,"href":"https:\/\/lacacerola.co\/index.php\/wp-json\/wp\/v2\/pages\/451\/revisions"}],"predecessor-version":[{"id":1407,"href":"https:\/\/lacacerola.co\/index.php\/wp-json\/wp\/v2\/pages\/451\/revisions\/1407"}],"wp:featuredmedia":[{"embeddable":true,"href":"https:\/\/lacacerola.co\/index.php\/wp-json\/wp\/v2\/media\/731"}],"wp:attachment":[{"href":"https:\/\/lacacerola.co\/index.php\/wp-json\/wp\/v2\/media?parent=451"}],"curies":[{"name":"wp","href":"https:\/\/api.w.org\/{rel}","templated":true}]}}